{"id":33,"date":"2017-02-11T06:47:42","date_gmt":"2017-02-11T06:47:42","guid":{"rendered":"http:\/\/adforest.scriptsbundle.com\/adforet-demo-data\/?page_id=33"},"modified":"2021-12-20T03:08:48","modified_gmt":"2021-12-20T03:08:48","slug":"terms-and-conditions","status":"publish","type":"page","link":"http:\/\/pik.prodajaikupovina.com\/prodajaikupovina\/terms-and-conditions\/","title":{"rendered":"Uslovi Kori\u0161tenja"},"content":{"rendered":"\n<h1 class=\"wp-block-heading\"> Uslovi Kori\u0161tenja <\/h1>\n\n\n\n<p> A\u017eurirano: Novembar 27, 2021 <\/p>\n\n\n\n<p>PA\u017dLJIVO PRO\u010cITAJTE OVE USLOVE USLUGE. OVI UVJETI UKLJU\u010cUJU OBAVEZNU ODREDBU O ARBITRA\u017dI I ODREDBU O ODRICANJU OD KLASOVNIH TU\u017dBA, KOJE UTI\u010cU NA VA\u0160A PRAVA O KAKO DA RJE\u0160ITE BILO KOJI SPOR SA Pik, INC. PRISTUPOM ILI KORI\u0160\u0106ENJEM NA\u0160IM PROIZVODIMA SERVICES, ILI APLIKACIJSKIM PROIZVODIMA, SERP. , SLA\u017dETE SE DA BUDETE OBAVEZNI SVIM OVDJE OPISANIM USLOVIMA I SVIM USLOVIMA UKLJU\u010cENIM PREPORUKOM (\u201cUSLOVI\u201d). AKO SE NE SLA\u017dETE SA SVIM OVIM USLOVIMA, NEMOJTE PRISTUPATI NI KORISTITI USLUGU Pika.<\/p>\n\n\n\n<p>PRIZNAVATE I SLA\u017dETE SE DA POSTOJE RIZICI U VEZI SA KORI\u0160TENJEM TR\u017dI\u0160TA ZASNOVANOG NA INTERNETU I LI\u010cNOM INTERAKCIJOM SA DRUGIM KORISNICIMA KAKO JE OBAVEZno.<\/p>\n\n\n\n<p>Ovi Uslovi se primjenjuju na va\u0161 pristup i kori\u0161tenje PickorSell usluge koju pru\u017ea Pik, Inc. (\u201cProdajaikupovina\u201d, \u201cmi\u201d i \u201cnas\u201d). Dodatni uslovi (uklju\u010duju\u0107i, ali ne ograni\u010davaju\u0107i se na uslove usluga dru\u0161tvenih medija, tre\u0107ih strana za obradu pla\u0107anja i pru\u017eaoca usluga tre\u0107ih strana) mogu se primeniti na odre\u0111ene funkcionalnosti i karakteristike koje se odnose na PickorSell uslugu.<\/p>\n\n\n\n<p>Ta\u010dka 1<br>SAMO KORISNICI KOJI IMAJU TRINAEST (13) GODINA ILI STARIJI MOGU SE REGISTRIRATI ZA ILI KORISTITI USLUGU PiK'a. PiK usluga nije namijenjena, niti je namijenjena za upotrebu od strane bilo koga mla\u0111eg od trinaest (13). Ako imate izme\u0111u trinaest (13) i osamnaest (18), PiK uslugu mo\u017eete koristiti samo pod nadzorom roditelja ili zakonskog staratelja koji pristaje da bude obavezan ovim Uslovima i svim primjenjivim dodatnim uslovima. Dalje izjavljujete i jam\u010dite da: (a) niste prethodno bili suspendovani ili uklonjeni iz kori\u0161\u0107enja usluge Pika; (b) zakonski im je dozvoljeno da \u017eive i \u017eive u BIH USA Srbiji Hrvatskoj Crnoj Gori itd , i (c) mogu sklopiti ovaj ugovor bez kr\u0161enja bilo kojeg drugog sporazuma \u010diji ste strana. Ako se registrujete za kori\u0161tenje Pika usluge u ime pravnog lica, vi dalje izjavljujete i jam\u010dite da je (i) takvo pravno lice propisno organizirano i valjano postoji prema va\u017ee\u0107im zakonima u nadle\u017enosti njegove organizacije, i (ii) da su propisno ovla\u0161teni od tog pravnog lica da djeluju u njegovo ime.<\/p>\n\n\n\n<ol class=\"wp-block-list\" start=\"2\"><li>Registracija ra\u010duna i sigurnosne odgovornosti<\/li><\/ol>\n\n\n\n<p>Da biste pristupili odre\u0111enim dijelovima Pika usluge, od vas \u0107e se mo\u017eda tra\u017eiti da kreirate Pik ra\u010dun (\u201eRa\u010dun\u201c) ili ra\u010dun za pla\u0107anje prodavca (\u201eStripe ra\u010dun\u201c) kod Stripe, Inc. (\u201eStripe\u201c) ili PayPal-a. U vezi sa kreiranjem naloga ili Stripe naloga, morate dati odre\u0111ene informacije (\u201cPodaci o registraciji\u201d) i odgovoriti na sva pitanja ili polja ozna\u010dena kao \u201cobavezno\u201d. Saglasni ste da: (a) pru\u017eite istinite, ta\u010dne, aktuelne i potpune podatke o registraciji; (b) odr\u017eavati i a\u017eurirati takve Registracijske podatke kako bi bili istiniti, ta\u010dni, aktuelni i potpuni; (c) odr\u017eavati sigurnost va\u0161eg naloga i Stripe naloga, uklju\u010duju\u0107i odr\u017eavanje sigurnosti i povjerljivosti va\u0161ih akreditiva za prijavu; i (d) pristanak da se dozvoli Pik-u da vas kontaktira u svrhu potvr\u0111ivanja nekih ili svih va\u0161ih Registracionih podataka, da sprovede istra\u017eivanje i da rije\u0161i sporove, kako Pik povremeno odlu\u010di.<\/p>\n\n\n\n<ol class=\"wp-block-list\" start=\"3\"><li>Kupovine od drugih korisnika.<br>A. Gotovina i druga pla\u0107anja koja odre\u0111uju korisnici. Kupac mo\u017ee, u dogovoru sa prodavcem, izabrati pla\u0107anje gotovinom, \u010dekom ili drugim na\u010dinom pla\u0107anja koji je prihvatio prodavac. Takva pla\u0107anja se vr\u0161e direktno izme\u0111u kupca i prodavca kada se li\u010dno sastanu da zavr\u0161e transakciju kupovine i prodaje, u skladu sa uslovima koje oni odrede. Pik nije strana u takvim transakcijama i ni na koji na\u010din ne omogu\u0107ava takve transakcije, povrat novca ili vra\u0107anje.<\/li><li>Prihvatljiva upotreba<br>Kada pristupate ili koristite Pik uslugu, sla\u017eete se da ne\u0107ete prekr\u0161iti nijedan zakon, ugovor, intelektualnu svojinu ili druga prava tre\u0107e strane ili po\u010diniti delikt. Bez ograni\u010davanja op\u0107enitosti gore navedenog, sla\u017eete se da ne\u0107ete u\u010diniti, i da ne\u0107ete dozvoliti tre\u0107oj strani da u\u010dini bilo \u0161ta.<\/li><\/ol>\n\n\n\n<p>SAMO LOKALNA PRODAJA .BEZ DOSTAVE!<\/p>\n\n\n\n<p>\u0106uvajte se!!!<\/p>\n\n\n\n<p>prodajaikupovina.com<\/p>\n","protected":false},"excerpt":{"rendered":"<p>Uslovi Kori\u0161tenja A\u017eurirano: Novembar 27, 2021 PA\u017dLJIVO PRO\u010cITAJTE OVE USLOVE USLUGE. OVI UVJETI UKLJU\u010cUJU OBAVEZNU ODREDBU O ARBITRA\u017dI I ODREDBU O ODRICANJU OD KLASOVNIH TU\u017dBA, KOJE UTI\u010cU NA VA\u0160A PRAVA O KAKO DA RJE\u0160ITE BILO KOJI SPOR SA Pik, INC. PRISTUPOM ILI KORI\u0160\u0106ENJEM NA\u0160IM PROIZVODIMA SERVICES, ILI APLIKACIJSKIM PROIZVODIMA, SERP. , SLA\u017dETE SE DA BUDETE [&hellip;]<\/p>\n","protected":false},"author":1,"featured_media":0,"parent":0,"menu_order":0,"comment_status":"closed","ping_status":"closed","template":"","meta":{"_acf_changed":false,"footnotes":""},"class_list":["post-33","page","type-page","status-publish","hentry"],"acf":[],"_links":{"self":[{"href":"http:\/\/pik.prodajaikupovina.com\/prodajaikupovina\/wp-json\/wp\/v2\/pages\/33","targetHints":{"allow":["GET"]}}],"collection":[{"href":"http:\/\/pik.prodajaikupovina.com\/prodajaikupovina\/wp-json\/wp\/v2\/pages"}],"about":[{"href":"http:\/\/pik.prodajaikupovina.com\/prodajaikupovina\/wp-json\/wp\/v2\/types\/page"}],"author":[{"embeddable":true,"href":"http:\/\/pik.prodajaikupovina.com\/prodajaikupovina\/wp-json\/wp\/v2\/users\/1"}],"replies":[{"embeddable":true,"href":"http:\/\/pik.prodajaikupovina.com\/prodajaikupovina\/wp-json\/wp\/v2\/comments?post=33"}],"version-history":[{"count":4,"href":"http:\/\/pik.prodajaikupovina.com\/prodajaikupovina\/wp-json\/wp\/v2\/pages\/33\/revisions"}],"predecessor-version":[{"id":5021,"href":"http:\/\/pik.prodajaikupovina.com\/prodajaikupovina\/wp-json\/wp\/v2\/pages\/33\/revisions\/5021"}],"wp:attachment":[{"href":"http:\/\/pik.prodajaikupovina.com\/prodajaikupovina\/wp-json\/wp\/v2\/media?parent=33"}],"curies":[{"name":"wp","href":"https:\/\/api.w.org\/{rel}","templated":true}]}}