{"id":3,"date":"2021-01-23T18:22:16","date_gmt":"2021-01-23T18:22:16","guid":{"rendered":"https:\/\/www.pickorsell.com\/?page_id=3"},"modified":"2024-09-09T04:30:14","modified_gmt":"2024-09-09T04:30:14","slug":"privacy-policy","status":"publish","type":"page","link":"http:\/\/pik.prodajaikupovina.com\/prodajaikupovina\/privacy-policy\/","title":{"rendered":"Privacy Policy"},"content":{"rendered":"\n<h2 class=\"wp-block-heading\">Who we are<\/h2>\n\n\n\n<p>Our website address is: prodajaikupovina.com<\/p>\n\n\n\n<p><\/p>\n\n\n\n<h2 class=\"wp-block-heading\">What personal data we collect and why we collect it<\/h2>\n\n\n\n<h3 class=\"wp-block-heading\">Comments<\/h3>\n\n\n\n<p>When visitors leave comments on the site we collect the data shown in the comments form, and also the visitor\u2019s IP address and browser user agent string to help spam detection.<\/p>\n\n\n\n<p>An anonymized string created from your email address (also called a hash) may be provided to the Gravatar service to see if you are using it. The Gravatar service privacy policy is available here: https:\/\/automattic.com\/privacy\/. After approval of your comment, your profile picture is visible to the public in the context of your comment.<\/p>\n\n\n\n<h3 class=\"wp-block-heading\">Media<\/h3>\n\n\n\n<p>If you upload images to the website, you should avoid uploading images with embedded location data (EXIF GPS) included. Visitors to the website can download and extract any location data from images on the website.<\/p>\n\n\n\n<h3 class=\"wp-block-heading\">Contact forms<\/h3>\n\n\n\n<h3 class=\"wp-block-heading\">Cookies<\/h3>\n\n\n\n<p>If you leave a comment on our site you may opt-in to saving your name, email address and website in cookies. These are for your convenience so that you do not have to fill in your details again when you leave another comment. These cookies will last for one year.<\/p>\n\n\n\n<p>If you visit our login page, we will set a temporary cookie to determine if your browser accepts cookies. This cookie contains no personal data and is discarded when you close your browser.<\/p>\n\n\n\n<p>When you log in, we will also set up several cookies to save your login information and your screen display choices. Login cookies last for two days, and screen options cookies last for a year. If you select &#8220;Remember Me&#8221;, your login will persist for two weeks. If you log out of your account, the login cookies will be removed.<\/p>\n\n\n\n<p>If you edit or publish an article, an additional cookie will be saved in your browser. This cookie includes no personal data and simply indicates the post ID of the article you just edited. It expires after 1 day.<\/p>\n\n\n\n<h3 class=\"wp-block-heading\">Embedded content from other websites<\/h3>\n\n\n\n<p>Articles on this site may include embedded content (e.g. videos, images, articles, etc.). Embedded content from other websites behaves in the exact same way as if the visitor has visited the other website.<\/p>\n\n\n\n<p>These websites may collect data about you, use cookies, embed additional third-party tracking, and monitor your interaction with that embedded content, including tracking your interaction with the embedded content if you have an account and are logged in to that website.<\/p>\n\n\n\n<h3 class=\"wp-block-heading\">Analytics<\/h3>\n\n\n\n<h2 class=\"wp-block-heading\">Who we share your data with<\/h2>\n\n\n\n<p>If you request a password reset, your IP address will be included in the reset email.<\/p>\n\n\n\n<h2 class=\"wp-block-heading\">How long we retain your data<\/h2>\n\n\n\n<p>If you leave a comment, the comment and its metadata are retained indefinitely. This is so we can recognize and approve any follow-up comments automatically instead of holding them in a moderation queue.<\/p>\n\n\n\n<p>For users that register on our website (if any), we also store the personal information they provide in their user profile. All users can see, edit, or delete their personal information at any time (except they cannot change their username). Website administrators can also see and edit that information.<\/p>\n\n\n\n<h2 class=\"wp-block-heading\">What rights you have over your data<\/h2>\n\n\n\n<p>If you have an account on this site, or have left comments, you can request to receive an exported file of the personal data we hold about you, including any data you have provided to us. You can also request that we erase any personal data we hold about you. This does not include any data we are obliged to keep for administrative, legal, or security purposes.<\/p>\n\n\n\n<h2 class=\"wp-block-heading\">Where we send your data<\/h2>\n\n\n\n<p>Visitor comments may be checked through an automated spam detection service.<\/p>\n\n\n\n<h2 class=\"wp-block-heading\">Your contact information<\/h2>\n\n\n\n<h2 class=\"wp-block-heading\">Additional information<\/h2>\n\n\n\n<h3 class=\"wp-block-heading\">How we protect your data<\/h3>\n\n\n\n<h3 class=\"wp-block-heading\">What data breach procedures we have in place<\/h3>\n\n\n\n<h3 class=\"wp-block-heading\">What third parties we receive data from<\/h3>\n\n\n\n<h3 class=\"wp-block-heading\">What automated decision making and\/or profiling we do with user data<\/h3>\n\n\n\n<h3 class=\"wp-block-heading\">Industry regulatory disclosure requirements<\/h3>\n\n\n\n<p><\/p>\n\n\n\n<h1 class=\"wp-block-heading\">Uslovi Kori\u0161tenja<\/h1>\n\n\n\n<p>A\u017eurirano: Novembar 27, 2021<\/p>\n\n\n\n<p>PA\u017dLJIVO PRO\u010cITAJTE OVE USLOVE USLUGE. OVI UVJETI UKLJU\u010cUJU OBAVEZNU ODREDBU O ARBITRA\u017dI I ODREDBU O ODRICANJU OD KLASOVNIH TU\u017dBA, KOJE UTI\u010cU NA VA\u0160A PRAVA O KAKO DA RJE\u0160ITE BILO KOJI SPOR SA Pik, INC. PRISTUPOM ILI KORI\u0160\u0106ENJEM NA\u0160IM PROIZVODIMA SERVICES, ILI APLIKACIJSKIM PROIZVODIMA, SERP. , SLA\u017dETE SE DA BUDETE OBAVEZNI SVIM OVDJE OPISANIM USLOVIMA I SVIM USLOVIMA UKLJU\u010cENIM PREPORUKOM (\u201cUSLOVI\u201d). AKO SE NE SLA\u017dETE SA SVIM OVIM USLOVIMA, NEMOJTE PRISTUPATI NI KORISTITI USLUGU Pika.<\/p>\n\n\n\n<p>PRIZNAVATE I SLA\u017dETE SE DA POSTOJE RIZICI U VEZI SA KORI\u0160TENJEM TR\u017dI\u0160TA ZASNOVANOG NA INTERNETU I LI\u010cNOM INTERAKCIJOM SA DRUGIM KORISNICIMA KAKO JE OBAVEZno.<\/p>\n\n\n\n<p>Ovi Uslovi se primjenjuju na va\u0161 pristup i kori\u0161tenje PickorSell usluge koju pru\u017ea Pik, Inc. (\u201cProdajaikupovina\u201d, \u201cmi\u201d i \u201cnas\u201d). Dodatni uslovi (uklju\u010duju\u0107i, ali ne ograni\u010davaju\u0107i se na uslove usluga dru\u0161tvenih medija, tre\u0107ih strana za obradu pla\u0107anja i pru\u017eaoca usluga tre\u0107ih strana) mogu se primeniti na odre\u0111ene funkcionalnosti i karakteristike koje se odnose na PickorSell uslugu.<\/p>\n\n\n\n<p>Ta\u010dka 1<br>SAMO KORISNICI KOJI IMAJU TRINAEST (13) GODINA ILI STARIJI MOGU SE REGISTRIRATI ZA ILI KORISTITI USLUGU PiK\u2019a. PiK usluga nije namijenjena, niti je namijenjena za upotrebu od strane bilo koga mla\u0111eg od trinaest (13). Ako imate izme\u0111u trinaest (13) i osamnaest (18), PiK uslugu mo\u017eete koristiti samo pod nadzorom roditelja ili zakonskog staratelja koji pristaje da bude obavezan ovim Uslovima i svim primjenjivim dodatnim uslovima. Dalje izjavljujete i jam\u010dite da: (a) niste prethodno bili suspendovani ili uklonjeni iz kori\u0161\u0107enja usluge Pika; (b) zakonski im je dozvoljeno da \u017eive i \u017eive u BIH USA Srbiji Hrvatskoj Crnoj Gori itd , i (c) mogu sklopiti ovaj ugovor bez kr\u0161enja bilo kojeg drugog sporazuma \u010diji ste strana. Ako se registrujete za kori\u0161tenje Pika usluge u ime pravnog lica, vi dalje izjavljujete i jam\u010dite da je (i) takvo pravno lice propisno organizirano i valjano postoji prema va\u017ee\u0107im zakonima u nadle\u017enosti njegove organizacije, i (ii) da su propisno ovla\u0161teni od tog pravnog lica da djeluju u njegovo ime.<\/p>\n\n\n\n<ol start=\"2\" class=\"wp-block-list\">\n<li>Registracija ra\u010duna i sigurnosne odgovornosti<\/li>\n<\/ol>\n\n\n\n<p>Da biste pristupili odre\u0111enim dijelovima Pika usluge, od vas \u0107e se mo\u017eda tra\u017eiti da kreirate Pik ra\u010dun (\u201eRa\u010dun\u201c) ili ra\u010dun za pla\u0107anje prodavca (\u201eStripe ra\u010dun\u201c) kod Stripe, Inc. (\u201eStripe\u201c) ili PayPal-a. U vezi sa kreiranjem naloga ili Stripe naloga, morate dati odre\u0111ene informacije (\u201cPodaci o registraciji\u201d) i odgovoriti na sva pitanja ili polja ozna\u010dena kao \u201cobavezno\u201d. Saglasni ste da: (a) pru\u017eite istinite, ta\u010dne, aktuelne i potpune podatke o registraciji; (b) odr\u017eavati i a\u017eurirati takve Registracijske podatke kako bi bili istiniti, ta\u010dni, aktuelni i potpuni; (c) odr\u017eavati sigurnost va\u0161eg naloga i Stripe naloga, uklju\u010duju\u0107i odr\u017eavanje sigurnosti i povjerljivosti va\u0161ih akreditiva za prijavu; i (d) pristanak da se dozvoli Pik-u da vas kontaktira u svrhu potvr\u0111ivanja nekih ili svih va\u0161ih Registracionih podataka, da sprovede istra\u017eivanje i da rije\u0161i sporove, kako Pik povremeno odlu\u010di.<\/p>\n\n\n\n<ol start=\"3\" class=\"wp-block-list\">\n<li>Kupovine od drugih korisnika.<br>A. Gotovina i druga pla\u0107anja koja odre\u0111uju korisnici. Kupac mo\u017ee, u dogovoru sa prodavcem, izabrati pla\u0107anje gotovinom, \u010dekom ili drugim na\u010dinom pla\u0107anja koji je prihvatio prodavac. Takva pla\u0107anja se vr\u0161e direktno izme\u0111u kupca i prodavca kada se li\u010dno sastanu da zavr\u0161e transakciju kupovine i prodaje, u skladu sa uslovima koje oni odrede. Pik nije strana u takvim transakcijama i ni na koji na\u010din ne omogu\u0107ava takve transakcije, povrat novca ili vra\u0107anje.<\/li>\n\n\n\n<li>Prihvatljiva upotreba<br>Kada pristupate ili koristite Pik uslugu, sla\u017eete se da ne\u0107ete prekr\u0161iti nijedan zakon, ugovor, intelektualnu svojinu ili druga prava tre\u0107e strane ili po\u010diniti delikt. Bez ograni\u010davanja op\u0107enitosti gore navedenog, sla\u017eete se da ne\u0107ete u\u010diniti, i da ne\u0107ete dozvoliti tre\u0107oj strani da u\u010dini bilo \u0161ta.<\/li>\n<\/ol>\n\n\n\n<p>SAMO LOKALNA PRODAJA .BEZ DOSTAVE!<\/p>\n\n\n\n<p>\u0106uvajte se!!!<\/p>\n","protected":false},"excerpt":{"rendered":"<p>Who we are Our website address is: prodajaikupovina.com What personal data we collect and why we collect it Comments When visitors leave comments on the site we collect the data shown in the comments form, and also the visitor\u2019s IP address and browser user agent string to help spam detection. An anonymized string created from [&hellip;]<\/p>\n","protected":false},"author":1,"featured_media":0,"parent":0,"menu_order":0,"comment_status":"closed","ping_status":"open","template":"","meta":{"_acf_changed":false,"footnotes":""},"class_list":["post-3","page","type-page","status-publish","hentry"],"acf":[],"_links":{"self":[{"href":"http:\/\/pik.prodajaikupovina.com\/prodajaikupovina\/wp-json\/wp\/v2\/pages\/3","targetHints":{"allow":["GET"]}}],"collection":[{"href":"http:\/\/pik.prodajaikupovina.com\/prodajaikupovina\/wp-json\/wp\/v2\/pages"}],"about":[{"href":"http:\/\/pik.prodajaikupovina.com\/prodajaikupovina\/wp-json\/wp\/v2\/types\/page"}],"author":[{"embeddable":true,"href":"http:\/\/pik.prodajaikupovina.com\/prodajaikupovina\/wp-json\/wp\/v2\/users\/1"}],"replies":[{"embeddable":true,"href":"http:\/\/pik.prodajaikupovina.com\/prodajaikupovina\/wp-json\/wp\/v2\/comments?post=3"}],"version-history":[{"count":2,"href":"http:\/\/pik.prodajaikupovina.com\/prodajaikupovina\/wp-json\/wp\/v2\/pages\/3\/revisions"}],"predecessor-version":[{"id":7334,"href":"http:\/\/pik.prodajaikupovina.com\/prodajaikupovina\/wp-json\/wp\/v2\/pages\/3\/revisions\/7334"}],"wp:attachment":[{"href":"http:\/\/pik.prodajaikupovina.com\/prodajaikupovina\/wp-json\/wp\/v2\/media?parent=3"}],"curies":[{"name":"wp","href":"https:\/\/api.w.org\/{rel}","templated":true}]}}